{"id":293114,"date":"2025-07-15T13:45:37","date_gmt":"2025-07-15T11:45:37","guid":{"rendered":"https:\/\/beta.bibliotekutvikling.no\/statistikk\/?page_id=293114"},"modified":"2025-07-15T14:33:38","modified_gmt":"2025-07-15T12:33:38","slug":"folkebibliotekstatistikk-over-tid","status":"publish","type":"page","link":"https:\/\/beta.bibliotekutvikling.no\/statistikk\/forside\/statistikk-for-folkebibliotek\/folkebibliotekstatistikk-over-tid\/","title":{"rendered":"Folkebibliotekstatistikk 2010-2024"},"content":{"rendered":"\n<h2 class=\"wp-block-heading\">Bes\u00f8k<\/h2>\n\n\n\n<p>Bes\u00f8ket i norske folkebibliotek fortsetter \u00e5 stige, og var p\u00e5 26,8 millioner i 2024. Dette utgj\u00f8r en \u00f8kning p\u00e5 2,8 prosent fra \u00e5ret f\u00f8r, og er det h\u00f8yeste bes\u00f8kstallet vi har registrert. Vi m\u00e5 tilbake til topp\u00e5rene i f\u00f8rste halvdel av 2000-tallet for \u00e5 finne h\u00f8yere bes\u00f8kstall per innbygger.<\/p>\n\n\n\n<figure class=\"wp-block-image\"><a href=\"https:\/\/beta.bibliotekutvikling.no\/content\/uploads\/sites\/2\/2025\/07\/besok-norge-og-oslo-scaled.jpg\"><img loading=\"lazy\" decoding=\"async\" width=\"2560\" height=\"1712\" src=\"https:\/\/beta.bibliotekutvikling.no\/content\/uploads\/sites\/2\/2025\/07\/besok-norge-og-oslo-scaled.jpg\" alt=\"\" class=\"wp-image-293097\" srcset=\"https:\/\/beta.bibliotekutvikling.no\/content\/uploads\/sites\/2\/2025\/07\/besok-norge-og-oslo-scaled.jpg 2560w, https:\/\/beta.bibliotekutvikling.no\/content\/uploads\/sites\/2\/2025\/07\/besok-norge-og-oslo-300x201.jpg 300w, https:\/\/beta.bibliotekutvikling.no\/content\/uploads\/sites\/2\/2025\/07\/besok-norge-og-oslo-1024x685.jpg 1024w, https:\/\/beta.bibliotekutvikling.no\/content\/uploads\/sites\/2\/2025\/07\/besok-norge-og-oslo-768x514.jpg 768w, https:\/\/beta.bibliotekutvikling.no\/content\/uploads\/sites\/2\/2025\/07\/besok-norge-og-oslo-1536x1027.jpg 1536w, https:\/\/beta.bibliotekutvikling.no\/content\/uploads\/sites\/2\/2025\/07\/besok-norge-og-oslo-2048x1370.jpg 2048w\" sizes=\"auto, (max-width: 2560px) 100vw, 2560px\" \/><\/a><figcaption class=\"wp-element-caption\">Grafen viser det totale bes\u00f8kstallet for folkebibliotekene i perioden 2019-2024. Grafen viser tallene for Norge uten Oslo, og for Oslo.<\/figcaption><\/figure>\n\n\n\n<h2 class=\"wp-block-heading\">Arrangement<\/h2>\n\n\n\n<p>Bes\u00f8k p\u00e5 arrangement knyttet til biblioteket fortsetter \u00e5 \u00f8ke. 1,87 millioner deltakere inneb\u00e6rer en \u00f8kning p\u00e5 13 prosent fra 2023 til 2024. 1&nbsp;647 000 deltok p\u00e5 arrangementer i regi av biblioteket, mens 231&nbsp;000 deltok p\u00e5 arrangement i biblioteket i regi av andre. 548 000 av deltagerne p\u00e5 arrangement i regi av biblioteket deltok p\u00e5 arrangement for skoler og barnehager.<\/p>\n\n\n\n<h2 class=\"wp-block-heading\">Utl\u00e5n<\/h2>\n\n\n\n<p>Bibliotekene l\u00e5nte ut 13,4 millioner fysiske b\u00f8ker i 2024, en \u00f8kning p\u00e5 6,7 prosent fra \u00e5ret f\u00f8r. Barnebokutl\u00e5net st\u00e5r for den st\u00f8rste delen av \u00f8kningen i bokutl\u00e5n, og i 2024 ble det l\u00e5nt ut 8,5 barneb\u00f8ker per barn. Dette inneb\u00e6rer en \u00f8kning p\u00e5 8,9 prosent fra 2023. \u00d8kningen i utl\u00e5n gjelder b\u00e5de fag- og skj\u00f8nnlitteratur, og vi har ikke sett h\u00f8yere tall siden en endring i registreringsm\u00e5te i 2008.<\/p>\n\n\n\n<figure class=\"wp-block-image\"><img loading=\"lazy\" decoding=\"async\" width=\"2560\" height=\"1857\" src=\"https:\/\/beta.bibliotekutvikling.no\/content\/uploads\/sites\/2\/2025\/07\/Bokutlan-Norge-med-og-uten-Oslo.png-scaled.jpg\" alt=\"\" class=\"wp-image-293101\" srcset=\"https:\/\/beta.bibliotekutvikling.no\/content\/uploads\/sites\/2\/2025\/07\/Bokutlan-Norge-med-og-uten-Oslo.png-scaled.jpg 2560w, https:\/\/beta.bibliotekutvikling.no\/content\/uploads\/sites\/2\/2025\/07\/Bokutlan-Norge-med-og-uten-Oslo.png-300x218.jpg 300w, https:\/\/beta.bibliotekutvikling.no\/content\/uploads\/sites\/2\/2025\/07\/Bokutlan-Norge-med-og-uten-Oslo.png-1024x743.jpg 1024w, https:\/\/beta.bibliotekutvikling.no\/content\/uploads\/sites\/2\/2025\/07\/Bokutlan-Norge-med-og-uten-Oslo.png-768x557.jpg 768w, https:\/\/beta.bibliotekutvikling.no\/content\/uploads\/sites\/2\/2025\/07\/Bokutlan-Norge-med-og-uten-Oslo.png-1536x1114.jpg 1536w, https:\/\/beta.bibliotekutvikling.no\/content\/uploads\/sites\/2\/2025\/07\/Bokutlan-Norge-med-og-uten-Oslo.png-2048x1486.jpg 2048w\" sizes=\"auto, (max-width: 2560px) 100vw, 2560px\" \/><figcaption class=\"wp-element-caption\">Grafen viser det totale utl\u00e5nstallet for folkebibliotekene i perioden 2019-2024. Grafen viser b\u00e5de Norge uten Oslo, og Oslo.<\/figcaption><\/figure>\n\n\n\n<p>Ogs\u00e5 utl\u00e5net av b\u00f8ker for voksne per voksen gikk opp, med 2 prosent fra 2023, og den langvarige nedgangen i utl\u00e5n av b\u00f8ker for voksne ser ut til \u00e5 ha stoppet. Utl\u00e5net av andre fysiske medier enn b\u00f8ker fortsetter \u00e5 synke, og utgj\u00f8r n\u00e5 bare 6 prosent av det totale utl\u00e5net av fysiske medier.<\/p>\n\n\n\n<h2 class=\"wp-block-heading\">Utl\u00e5n av e-b\u00f8ker og e-lydb\u00f8ker<\/h2>\n\n\n\n<p>1,4 millioner. Nedgangen i utl\u00e5net av e-b\u00f8ker og e-lydb\u00f8ker fra 2022 til 2023, fortsetter i 2024. Det ble l\u00e5nt ut 841&nbsp;000 e-b\u00f8ker og 584&nbsp;000 e-lydb\u00f8ker i 2024. Dette inneb\u00e6rer en nedgang p\u00e5 henholdsvis 6 og 9 prosent.<\/p>\n\n\n\n<h2 class=\"wp-block-heading\">Ressurser<\/h2>\n\n\n\n<p>Det var et tilbud om mer\u00e5pent i 199 kommuner i 2024. Det vil si at de ga mulighet til \u00e5 bruke biblioteket ut over betjent \u00e5pningstid. Dette er 13 flere kommuner enn \u00e5ret f\u00f8r. Til sammen var det 314 hovedbibliotek og filialer som ga mulighet for \u00e5 bruke biblioteket ut over betjent \u00e5pningstid.<\/p>\n\n\n\n<div class=\"wp-block-buttons alignwide is-horizontal is-content-justification-center is-layout-flex wp-container-core-buttons-is-layout-8558f6ec wp-block-buttons-is-layout-flex\">\n<div class=\"wp-block-button has-custom-width wp-block-button__width-50 is-style-large\"><a class=\"wp-block-button__link has-secondary-background-color has-background wp-element-button\" href=\"https:\/\/bibliotekutvikling.no\/content\/uploads\/sites\/2\/2024\/06\/Bokutlan-folkebibliotek-2000-2023.xlsx\">Bokutl\u00e5n 2000-2023 (xlsx)<\/a><\/div>\n<\/div>\n\n\n\n<h2 class=\"wp-block-heading\">Statistikk for tidligere \u00e5r<\/h2>\n\n\n\n<figure class=\"wp-block-table alignwide\"><table class=\"has-fixed-layout\"><tbody><tr><td><\/td><td><\/td><td><strong>2022<\/strong><br><a href=\"https:\/\/bibliotekutvikling.no\/statistikk\/forside\/statistikk-for-folkebibliotek\/besok-og-arrangement-2022\/\">Bes\u00f8k og arrangementer<\/a><br><a href=\"https:\/\/bibliotekutvikling.no\/statistikk\/forside\/statistikk-for-folkebibliotek\/utlan-2022-folkebibliotek\/\">Utl\u00e5n<\/a><br><a href=\"https:\/\/bibliotekutvikling.no\/statistikk\/forside\/statistikk-for-folkebibliotek\/samlinger-2022-folkebibliotek\/\">Samlinger<\/a><br><a href=\"https:\/\/bibliotekutvikling.no\/statistikk\/forside\/statistikk-for-folkebibliotek\/252758-2\/\">Ressurser<\/a><br><a href=\"https:\/\/bibliotekutvikling.no\/content\/uploads\/sites\/2\/2023\/06\/Radata-folkebibliotek-2022.xlsx\">R\u00e5data<\/a><\/td><\/tr><tr><td><strong>2021<\/strong><br><a href=\"https:\/\/bibliotekutvikling.no\/statistikk\/forside\/statistikk-for-folkebibliotek\/besok-og-arrangement-2021\/\">Bes\u00f8k og arrangementer<\/a><br><a href=\"https:\/\/bibliotekutvikling.no\/statistikk\/forside\/statistikk-for-folkebibliotek\/utlan-2021\/\">Utl\u00e5n<\/a><br><a href=\"https:\/\/bibliotekutvikling.no\/statistikk\/forside\/statistikk-for-folkebibliotek\/samlinger-2021\/\">Samlinger<\/a><br><a href=\"https:\/\/bibliotekutvikling.no\/statistikk\/forside\/statistikk-for-folkebibliotek\/ressurser-2021\/\">Ressurser<\/a><br><a href=\"https:\/\/bibliotekutvikling.no\/content\/uploads\/sites\/2\/2022\/06\/Radata-folkebibliotek-2021.xlsx\">R\u00e5data<\/a><\/td><td><strong>2020<\/strong><br><a href=\"https:\/\/bibliotekutvikling.no\/statistikk\/forside\/statistikk-for-folkebibliotek\/besok-og-arrangement-2020\/\">Bes\u00f8k og arrangementer<\/a><br><a href=\"https:\/\/bibliotekutvikling.no\/statistikk\/forside\/statistikk-for-folkebibliotek\/utlan-2020\/\">Utl\u00e5n<\/a><br><a href=\"https:\/\/bibliotekutvikling.no\/statistikk\/forside\/statistikk-for-folkebibliotek\/samlinger-2020-2\/\">Samlinger<\/a><br><a href=\"https:\/\/bibliotekutvikling.no\/statistikk\/forside\/statistikk-for-folkebibliotek\/ressurser-2020\/\">Ressurser<\/a><br><a href=\"https:\/\/bibliotekutvikling.no\/content\/uploads\/2021\/07\/Radata-folkebibliotek-2020.xlsx\">R\u00e5data<\/a><\/td><td><strong>2019<\/strong><br><a href=\"https:\/\/bibliotekutvikling.no\/statistikk\/forside\/statistikk-for-folkebibliotek-ny\/besok-og-arrangement\/\">Bes\u00f8k og arrangementer<\/a><br><a href=\"https:\/\/bibliotekutvikling.no\/statistikk\/forside\/statistikk-for-folkebibliotek-ny\/utlan\/\">Utl\u00e5n<\/a><br><a href=\"https:\/\/bibliotekutvikling.no\/statistikk\/forside\/statistikk-for-folkebibliotek-ny\/samlinger\/\">Samlinger<\/a><br><a href=\"https:\/\/bibliotekutvikling.no\/statistikk\/forside\/statistikk-for-folkebibliotek-ny\/ressurser\/\">Ressurser<\/a><br><a href=\"https:\/\/bibliotekutvikling.no\/content\/uploads\/2020\/09\/Folkebibliotek-2019-R%C3%A5data.xlsx\">R\u00e5data<\/a><br><a href=\"https:\/\/bibliotekutvikling.no\/content\/uploads\/sites\/2\/2022\/06\/Tekster-til-statistikksidene-2019-samla-.docx\">Kommentarer<\/a><\/td><\/tr><tr><td><strong>2018<\/strong><br><a href=\"https:\/\/bibliotekutvikling.no\/content\/uploads\/sites\/2\/2020\/02\/Folkebibliotek-2018-R%C3%A5data.xlsx\">R\u00e5data<\/a><\/td><td><strong>2017<\/strong><br><a href=\"https:\/\/bibliotekutvikling.no\/content\/uploads\/2019\/12\/Folkebibliotek-2017-R%C3%A5data.xlsx\">R\u00e5data<\/a><br><a href=\"https:\/\/bibliotekutvikling.no\/content\/uploads\/2019\/12\/Folkebibliotek-2017-kommuner.xlsx\">N\u00f8kkeltall for kommuner<\/a><br><a href=\"https:\/\/bibliotekutvikling.no\/content\/uploads\/2019\/12\/Bes%C3%B8k-og-utl%C3%A5n-1987-2017.xlsx\">Bes\u00f8k og utl\u00e5n 1987 \u2013 2017<\/a><\/td><td><strong>2016<\/strong><br><a href=\"https:\/\/bibliotekutvikling.no\/content\/uploads\/2019\/12\/Folkebibliotek-2016-R%C3%A5data-1.xlsx\">R\u00e5data<\/a><br><a href=\"https:\/\/bibliotekutvikling.no\/content\/uploads\/2019\/12\/Fokebibliotek-2016-utl%C3%A5n-etter-fylke.pdf\">Utl\u00e5n etter fylke<\/a><br><a href=\"https:\/\/bibliotekutvikling.no\/content\/uploads\/2019\/12\/Folkebibliotek-Utl%C3%A5n-og-bes%C3%B8k-1986-2016.pdf\">Utvikling i bes\u00f8k og utl\u00e5n 1986 \u2013 2016<\/a><\/td><\/tr><tr><td><strong>2015<\/strong><br><a href=\"https:\/\/bibliotekutvikling.no\/content\/uploads\/2019\/12\/Folkebibliotek-2015_Hovedpunkter.pdf\">Sammendrag<\/a><br><a href=\"https:\/\/bibliotekutvikling.no\/content\/uploads\/2019\/12\/Folkebibliotek-2015-R%C3%A5data.xlsx\">R\u00e5data<\/a><br><a href=\"https:\/\/bibliotekutvikling.no\/content\/uploads\/2019\/12\/Folkebibliotek-2015-Tabell-1.pdf\">Tabell 1<\/a><br><a href=\"https:\/\/bibliotekutvikling.no\/content\/uploads\/2019\/12\/Folkebibliotek-2015-Tabell-1.pdf\">Tabell 2<\/a><br><a href=\"https:\/\/bibliotekutvikling.no\/content\/uploads\/2019\/12\/Folkebibliotek-2015-Tabell-3.pdf\">Tabell 3<\/a><\/td><td><strong>2014<\/strong><br><a href=\"https:\/\/bibliotekutvikling.no\/content\/uploads\/sites\/2\/2022\/09\/Folkebibliotek-2014-Radata-1.xlsx\">R\u00e5data<\/a><br><a href=\"https:\/\/bibliotekutvikling.no\/content\/uploads\/2019\/12\/Folkebibliotek-2014-Tabell-1.pdf\">Tabell 1<\/a><br><a href=\"https:\/\/bibliotekutvikling.no\/content\/uploads\/2019\/12\/Folkebibliotek-2014-Tabell-3.pdf\">Tabell 3<\/a><\/td><td><strong>2013<\/strong><br><a href=\"https:\/\/bibliotekutvikling.no\/content\/uploads\/sites\/2\/2022\/02\/Folkebibliotek-2013-Radata.xlsx\">R\u00e5data<\/a><br><a href=\"https:\/\/bibliotekutvikling.no\/content\/uploads\/2019\/12\/Folkebibliotek-2013-Tabell-1.pdf\">Tabell 1<\/a><br><a href=\"https:\/\/bibliotekutvikling.no\/content\/uploads\/2019\/12\/Folkebibliotek-2013-Tabell-2.pdf\">Tabell 2<\/a><br><a href=\"https:\/\/bibliotekutvikling.no\/content\/uploads\/2019\/12\/Folkebibliotek-2013-Tabell-3.pdf\">Tabell 3<\/a><\/td><\/tr><tr><td><strong>2012<\/strong><br><a href=\"https:\/\/bibliotekutvikling.no\/content\/uploads\/2019\/12\/Folkebibliotek-2012-2005-R%C3%A5data.xlsx\">R\u00e5data 2012-2005<\/a><br><a href=\"https:\/\/bibliotekutvikling.no\/content\/uploads\/2019\/12\/Folkebibliotek-2012-Tabell-1.pdf\">Tabell 1<\/a><br><a href=\"https:\/\/bibliotekutvikling.no\/content\/uploads\/2019\/12\/Folkebibliotek-2012-Tabell-2.pdf\">Tabell 2<\/a><br><a href=\"https:\/\/bibliotekutvikling.no\/content\/uploads\/2019\/12\/Folkebibliotek-2012-Tabell-3.pdf\">Tabell 3<\/a><\/td><td><strong>2011<\/strong><br><a href=\"https:\/\/bibliotekutvikling.no\/content\/uploads\/2019\/12\/Folkebibliotek-2011-Tabell-1.pdf\">Tabell 1<\/a><br><a href=\"https:\/\/bibliotekutvikling.no\/content\/uploads\/2019\/12\/Folkebibliotek-2011-Tabell-2.pdf\">Tabell 2<\/a><br><a href=\"https:\/\/bibliotekutvikling.no\/content\/uploads\/2019\/12\/Folkebibliotek-2011-Tabell-3.pdf\">Tabell 3<\/a><br><a href=\"https:\/\/bibliotekutvikling.no\/content\/uploads\/2019\/12\/Folkebibliotekstatistikk-2011-Kommentarer.pdf\">Kommentarer<\/a><\/td><td><strong>2010<\/strong><br><a href=\"https:\/\/bibliotekutvikling.no\/content\/uploads\/2019\/12\/Folkebibliotek-2010-Tabell-1.pdf\">Tabell 1<\/a><br><a href=\"https:\/\/bibliotekutvikling.no\/content\/uploads\/2019\/12\/Folkebibliotek-2010-Tabell-2.pdf\">Tabell 2<\/a><br><a href=\"https:\/\/bibliotekutvikling.no\/content\/uploads\/2019\/12\/Folkebibliotek-2010-Tabell-3.pdf\">Tabell 3<\/a><\/td><\/tr><\/tbody><\/table><\/figure>\n\n\n\n<p><\/p>\n","protected":false},"excerpt":{"rendered":"","protected":false},"author":6868,"featured_media":293101,"parent":151841,"menu_order":0,"comment_status":"closed","ping_status":"closed","template":"","meta":{"_relevanssi_hide_post":"","_relevanssi_hide_content":"","_relevanssi_pin_for_all":"","_relevanssi_pin_keywords":"","_relevanssi_unpin_keywords":"","_relevanssi_related_keywords":"","_relevanssi_related_include_ids":"","_relevanssi_related_exclude_ids":"","_relevanssi_related_no_append":"","_relevanssi_related_not_related":"","_relevanssi_related_posts":"","_relevanssi_noindex_reason":"","nb_hide_title":false,"sub_navigation_option":"","sub_navigation_custom_items":null,"footnotes":""},"class_list":["post-293114","page","type-page","status-publish","has-post-thumbnail","hentry"],"yoast_head":"<!-- This site is optimized with the Yoast SEO plugin v27.1.1 - https:\/\/yoast.com\/product\/yoast-seo-wordpress\/ -->\n<title>Folkebibliotekstatistikk 2010-2024 - Statistikk<\/title>\n<meta name=\"robots\" content=\"index, follow, max-snippet:-1, max-image-preview:large, max-video-preview:-1\" \/>\n<link rel=\"canonical\" href=\"https:\/\/beta.bibliotekutvikling.no\/statistikk\/forside\/statistikk-for-folkebibliotek\/folkebibliotekstatistikk-over-tid\/\" \/>\n<meta property=\"og:locale\" content=\"nb_NO\" \/>\n<meta property=\"og:type\" content=\"article\" \/>\n<meta property=\"og:title\" content=\"Folkebibliotekstatistikk 2010-2024 - Statistikk\" \/>\n<meta property=\"og:url\" content=\"https:\/\/beta.bibliotekutvikling.no\/statistikk\/forside\/statistikk-for-folkebibliotek\/folkebibliotekstatistikk-over-tid\/\" \/>\n<meta property=\"og:site_name\" content=\"Statistikk\" \/>\n<meta property=\"article:publisher\" content=\"https:\/\/www.facebook.com\/bibliotekutvikling\/\" \/>\n<meta property=\"article:modified_time\" content=\"2025-07-15T12:33:38+00:00\" \/>\n<meta property=\"og:image\" content=\"https:\/\/beta.bibliotekutvikling.no\/content\/uploads\/sites\/2\/2025\/07\/Bokutlan-Norge-med-og-uten-Oslo.png-scaled.jpg\" \/>\n\t<meta property=\"og:image:width\" content=\"2560\" \/>\n\t<meta property=\"og:image:height\" content=\"1857\" \/>\n\t<meta property=\"og:image:type\" content=\"image\/jpeg\" \/>\n<meta name=\"twitter:card\" content=\"summary_large_image\" \/>\n<meta name=\"twitter:label1\" content=\"Ansl. lesetid\" \/>\n\t<meta name=\"twitter:data1\" content=\"4 minutter\" \/>\n<script type=\"application\/ld+json\" class=\"yoast-schema-graph\">{\"@context\":\"https:\/\/schema.org\",\"@graph\":[{\"@type\":\"WebPage\",\"@id\":\"https:\/\/beta.bibliotekutvikling.no\/statistikk\/forside\/statistikk-for-folkebibliotek\/folkebibliotekstatistikk-over-tid\/\",\"url\":\"https:\/\/beta.bibliotekutvikling.no\/statistikk\/forside\/statistikk-for-folkebibliotek\/folkebibliotekstatistikk-over-tid\/\",\"name\":\"Folkebibliotekstatistikk 2010-2024 - Statistikk\",\"isPartOf\":{\"@id\":\"https:\/\/beta.bibliotekutvikling.no\/statistikk\/#website\"},\"primaryImageOfPage\":{\"@id\":\"https:\/\/beta.bibliotekutvikling.no\/statistikk\/forside\/statistikk-for-folkebibliotek\/folkebibliotekstatistikk-over-tid\/#primaryimage\"},\"image\":{\"@id\":\"https:\/\/beta.bibliotekutvikling.no\/statistikk\/forside\/statistikk-for-folkebibliotek\/folkebibliotekstatistikk-over-tid\/#primaryimage\"},\"thumbnailUrl\":\"https:\/\/beta.bibliotekutvikling.no\/content\/uploads\/sites\/2\/2025\/07\/Bokutlan-Norge-med-og-uten-Oslo.png-scaled.jpg\",\"datePublished\":\"2025-07-15T11:45:37+00:00\",\"dateModified\":\"2025-07-15T12:33:38+00:00\",\"breadcrumb\":{\"@id\":\"https:\/\/beta.bibliotekutvikling.no\/statistikk\/forside\/statistikk-for-folkebibliotek\/folkebibliotekstatistikk-over-tid\/#breadcrumb\"},\"inLanguage\":\"nb-NO\",\"potentialAction\":[{\"@type\":\"ReadAction\",\"target\":[\"https:\/\/beta.bibliotekutvikling.no\/statistikk\/forside\/statistikk-for-folkebibliotek\/folkebibliotekstatistikk-over-tid\/\"]}]},{\"@type\":\"ImageObject\",\"inLanguage\":\"nb-NO\",\"@id\":\"https:\/\/beta.bibliotekutvikling.no\/statistikk\/forside\/statistikk-for-folkebibliotek\/folkebibliotekstatistikk-over-tid\/#primaryimage\",\"url\":\"https:\/\/beta.bibliotekutvikling.no\/content\/uploads\/sites\/2\/2025\/07\/Bokutlan-Norge-med-og-uten-Oslo.png-scaled.jpg\",\"contentUrl\":\"https:\/\/beta.bibliotekutvikling.no\/content\/uploads\/sites\/2\/2025\/07\/Bokutlan-Norge-med-og-uten-Oslo.png-scaled.jpg\",\"width\":2560,\"height\":1857},{\"@type\":\"BreadcrumbList\",\"@id\":\"https:\/\/beta.bibliotekutvikling.no\/statistikk\/forside\/statistikk-for-folkebibliotek\/folkebibliotekstatistikk-over-tid\/#breadcrumb\",\"itemListElement\":[{\"@type\":\"ListItem\",\"position\":1,\"name\":\"Home\",\"item\":\"https:\/\/beta.bibliotekutvikling.no\/statistikk\/\"},{\"@type\":\"ListItem\",\"position\":2,\"name\":\"Folkebibliotekstatistikk 2010-2024\"}]},{\"@type\":\"WebSite\",\"@id\":\"https:\/\/beta.bibliotekutvikling.no\/statistikk\/#website\",\"url\":\"https:\/\/beta.bibliotekutvikling.no\/statistikk\/\",\"name\":\"Statistikk\",\"description\":\"\",\"potentialAction\":[{\"@type\":\"SearchAction\",\"target\":{\"@type\":\"EntryPoint\",\"urlTemplate\":\"https:\/\/beta.bibliotekutvikling.no\/statistikk\/?s={search_term_string}\"},\"query-input\":{\"@type\":\"PropertyValueSpecification\",\"valueRequired\":true,\"valueName\":\"search_term_string\"}}],\"inLanguage\":\"nb-NO\"}]}<\/script>\n<!-- \/ Yoast SEO plugin. -->","yoast_head_json":{"title":"Folkebibliotekstatistikk 2010-2024 - Statistikk","robots":{"index":"index","follow":"follow","max-snippet":"max-snippet:-1","max-image-preview":"max-image-preview:large","max-video-preview":"max-video-preview:-1"},"canonical":"https:\/\/beta.bibliotekutvikling.no\/statistikk\/forside\/statistikk-for-folkebibliotek\/folkebibliotekstatistikk-over-tid\/","og_locale":"nb_NO","og_type":"article","og_title":"Folkebibliotekstatistikk 2010-2024 - Statistikk","og_url":"https:\/\/beta.bibliotekutvikling.no\/statistikk\/forside\/statistikk-for-folkebibliotek\/folkebibliotekstatistikk-over-tid\/","og_site_name":"Statistikk","article_publisher":"https:\/\/www.facebook.com\/bibliotekutvikling\/","article_modified_time":"2025-07-15T12:33:38+00:00","og_image":[{"width":2560,"height":1857,"url":"https:\/\/beta.bibliotekutvikling.no\/content\/uploads\/sites\/2\/2025\/07\/Bokutlan-Norge-med-og-uten-Oslo.png-scaled.jpg","type":"image\/jpeg"}],"twitter_card":"summary_large_image","twitter_misc":{"Ansl. lesetid":"4 minutter"},"schema":{"@context":"https:\/\/schema.org","@graph":[{"@type":"WebPage","@id":"https:\/\/beta.bibliotekutvikling.no\/statistikk\/forside\/statistikk-for-folkebibliotek\/folkebibliotekstatistikk-over-tid\/","url":"https:\/\/beta.bibliotekutvikling.no\/statistikk\/forside\/statistikk-for-folkebibliotek\/folkebibliotekstatistikk-over-tid\/","name":"Folkebibliotekstatistikk 2010-2024 - Statistikk","isPartOf":{"@id":"https:\/\/beta.bibliotekutvikling.no\/statistikk\/#website"},"primaryImageOfPage":{"@id":"https:\/\/beta.bibliotekutvikling.no\/statistikk\/forside\/statistikk-for-folkebibliotek\/folkebibliotekstatistikk-over-tid\/#primaryimage"},"image":{"@id":"https:\/\/beta.bibliotekutvikling.no\/statistikk\/forside\/statistikk-for-folkebibliotek\/folkebibliotekstatistikk-over-tid\/#primaryimage"},"thumbnailUrl":"https:\/\/beta.bibliotekutvikling.no\/content\/uploads\/sites\/2\/2025\/07\/Bokutlan-Norge-med-og-uten-Oslo.png-scaled.jpg","datePublished":"2025-07-15T11:45:37+00:00","dateModified":"2025-07-15T12:33:38+00:00","breadcrumb":{"@id":"https:\/\/beta.bibliotekutvikling.no\/statistikk\/forside\/statistikk-for-folkebibliotek\/folkebibliotekstatistikk-over-tid\/#breadcrumb"},"inLanguage":"nb-NO","potentialAction":[{"@type":"ReadAction","target":["https:\/\/beta.bibliotekutvikling.no\/statistikk\/forside\/statistikk-for-folkebibliotek\/folkebibliotekstatistikk-over-tid\/"]}]},{"@type":"ImageObject","inLanguage":"nb-NO","@id":"https:\/\/beta.bibliotekutvikling.no\/statistikk\/forside\/statistikk-for-folkebibliotek\/folkebibliotekstatistikk-over-tid\/#primaryimage","url":"https:\/\/beta.bibliotekutvikling.no\/content\/uploads\/sites\/2\/2025\/07\/Bokutlan-Norge-med-og-uten-Oslo.png-scaled.jpg","contentUrl":"https:\/\/beta.bibliotekutvikling.no\/content\/uploads\/sites\/2\/2025\/07\/Bokutlan-Norge-med-og-uten-Oslo.png-scaled.jpg","width":2560,"height":1857},{"@type":"BreadcrumbList","@id":"https:\/\/beta.bibliotekutvikling.no\/statistikk\/forside\/statistikk-for-folkebibliotek\/folkebibliotekstatistikk-over-tid\/#breadcrumb","itemListElement":[{"@type":"ListItem","position":1,"name":"Home","item":"https:\/\/beta.bibliotekutvikling.no\/statistikk\/"},{"@type":"ListItem","position":2,"name":"Folkebibliotekstatistikk 2010-2024"}]},{"@type":"WebSite","@id":"https:\/\/beta.bibliotekutvikling.no\/statistikk\/#website","url":"https:\/\/beta.bibliotekutvikling.no\/statistikk\/","name":"Statistikk","description":"","potentialAction":[{"@type":"SearchAction","target":{"@type":"EntryPoint","urlTemplate":"https:\/\/beta.bibliotekutvikling.no\/statistikk\/?s={search_term_string}"},"query-input":{"@type":"PropertyValueSpecification","valueRequired":true,"valueName":"search_term_string"}}],"inLanguage":"nb-NO"}]}},"_links":{"self":[{"href":"https:\/\/beta.bibliotekutvikling.no\/statistikk\/wp-json\/wp\/v2\/pages\/293114","targetHints":{"allow":["GET"]}}],"collection":[{"href":"https:\/\/beta.bibliotekutvikling.no\/statistikk\/wp-json\/wp\/v2\/pages"}],"about":[{"href":"https:\/\/beta.bibliotekutvikling.no\/statistikk\/wp-json\/wp\/v2\/types\/page"}],"author":[{"embeddable":true,"href":"https:\/\/beta.bibliotekutvikling.no\/statistikk\/wp-json\/wp\/v2\/users\/6868"}],"replies":[{"embeddable":true,"href":"https:\/\/beta.bibliotekutvikling.no\/statistikk\/wp-json\/wp\/v2\/comments?post=293114"}],"version-history":[{"count":3,"href":"https:\/\/beta.bibliotekutvikling.no\/statistikk\/wp-json\/wp\/v2\/pages\/293114\/revisions"}],"predecessor-version":[{"id":293155,"href":"https:\/\/beta.bibliotekutvikling.no\/statistikk\/wp-json\/wp\/v2\/pages\/293114\/revisions\/293155"}],"up":[{"embeddable":true,"href":"https:\/\/beta.bibliotekutvikling.no\/statistikk\/wp-json\/wp\/v2\/pages\/151841"}],"wp:featuredmedia":[{"embeddable":true,"href":"https:\/\/beta.bibliotekutvikling.no\/statistikk\/wp-json\/wp\/v2\/media\/293101"}],"wp:attachment":[{"href":"https:\/\/beta.bibliotekutvikling.no\/statistikk\/wp-json\/wp\/v2\/media?parent=293114"}],"curies":[{"name":"wp","href":"https:\/\/api.w.org\/{rel}","templated":true}]}}